{"id":1073,"date":"2025-05-02T12:03:05","date_gmt":"2025-05-02T10:03:05","guid":{"rendered":"https:\/\/alpintype.com\/informativa-sui-cookie\/"},"modified":"2025-09-19T17:33:57","modified_gmt":"2025-09-19T15:33:57","slug":"informativa-sui-cookie","status":"publish","type":"page","link":"https:\/\/alpintype.com\/it\/informativa-sui-cookie\/","title":{"rendered":"Informativa sui cookie"},"content":{"rendered":"<p><strong>La presente informativa sui cookie spiega come Alpintype utilizza i cookie e tecnologie simili <\/strong><strong>sul sito web www.grafikstudio-mustermann.it. \u00c8 valida in conformit\u00e0 <\/strong><strong>con il Regolamento generale sulla protezione dei dati (GDPR) dell&#8217;UE e le normative italiane <\/strong><br \/>\n<strong>sulla protezione dei dati (D.Lgs. 196\/2003, \u201cCodice della Privacy\u201d).<\/strong><\/p>\n<p><strong>Cosa sono i cookie?<\/strong><br \/>\nI cookie sono piccoli file di testo che vengono memorizzati sul tuo dispositivo quando visiti il nostro sito web. Ci aiutano a mantenere il sito web funzionante, ad analizzare il tuo utilizzo e a fornire contenuti personalizzati.<\/p>\n<p><strong>Tipi di cookie che utilizziamo<\/strong><br \/>\nUtilizziamo i seguenti tipi di cookie:<\/p>\n<ul>\n<li>Cookie necessari: sono necessari per il funzionamento del sito web e non possono essere disattivati.<\/li>\n<li>Cookie funzionali: migliorano l&#8217;esperienza dell&#8217;utente, ad esempio memorizzando le preferenze della lingua.<\/li>\n<li>Cookie analitici: ci aiutano a capire come i visitatori utilizzano il sito web (ad esempio, tramite Google Analytics).<\/li>\n<li>Cookie di marketing e di terze parti: vengono utilizzati per mostrarti pubblicit\u00e0 pertinenti e possono provenire da terze parti come le piattaforme di social media.<\/li>\n<\/ul>\n<p><strong>Gestione dei cookie<\/strong><br \/>\nDurante la prima visita al nostro sito web, puoi dare o negare il tuo consenso all&#8217;utilizzo di determinati cookie tramite un banner sui cookie. Puoi modificare le tue impostazioni in qualsiasi momento o eliminare i cookie nelle impostazioni del tuo browser. Maggiori informazioni sulla gestione dei cookie sono disponibili su <a href=\"https:\/\/www.allaboutcookies.org\" target=\"_blank\" rel=\"noopener\">www.allaboutcookies.org<\/a>.<\/p>\n<p><strong>Contatto<\/strong><br \/>\nIn caso di domande sull&#8217;utilizzo dei cookie, puoi contattarci:<br \/>\nE-mail: info@alpintype.com<\/p>\n","protected":false},"excerpt":{"rendered":"<p>La presente informativa sui cookie spiega come Alpintype utilizza i cookie e tecnologie simili sul sito web www.grafikstudio-mustermann.it. \u00c8 valida in conformit\u00e0 con il Regolamento generale sulla protezione dei dati (GDPR) dell&#8217;UE e le normative italiane sulla protezione dei dati (D.Lgs. 196\/2003, \u201cCodice della Privacy\u201d). Cosa sono i cookie? I cookie sono piccoli file di [&hellip;]<\/p>\n","protected":false},"author":1,"featured_media":0,"parent":0,"menu_order":102,"comment_status":"closed","ping_status":"closed","template":"template-dsgvo-cookie.php","meta":{"_acf_changed":false,"inline_featured_image":false,"footnotes":""},"class_list":["post-1073","page","type-page","status-publish","hentry"],"acf":[],"yoast_head":"<!-- This site is optimized with the Yoast SEO Premium plugin v22.5 (Yoast SEO v27.4) - https:\/\/yoast.com\/product\/yoast-seo-premium-wordpress\/ -->\n<title>Informativa sui cookie - alpintype.com<\/title>\n<meta name=\"robots\" content=\"index, follow, max-snippet:-1, max-image-preview:large, max-video-preview:-1\" \/>\n<link rel=\"canonical\" href=\"https:\/\/alpintype.com\/it\/informativa-sui-cookie\/\" \/>\n<meta property=\"og:locale\" content=\"it_IT\" \/>\n<meta property=\"og:type\" content=\"article\" \/>\n<meta property=\"og:title\" content=\"Informativa sui cookie\" \/>\n<meta property=\"og:description\" content=\"La presente informativa sui cookie spiega come Alpintype utilizza i cookie e tecnologie simili sul sito web www.grafikstudio-mustermann.it. \u00c8 valida in conformit\u00e0 con il Regolamento generale sulla protezione dei dati (GDPR) dell&#8217;UE e le normative italiane sulla protezione dei dati (D.Lgs. 196\/2003, \u201cCodice della Privacy\u201d). Cosa sono i cookie? I cookie sono piccoli file di [&hellip;]\" \/>\n<meta property=\"og:url\" content=\"https:\/\/alpintype.com\/it\/informativa-sui-cookie\/\" \/>\n<meta property=\"og:site_name\" content=\"alpintype.com\" \/>\n<meta property=\"article:publisher\" content=\"https:\/\/www.facebook.com\/alpintype\/?rdid=SIswPFJpL8IBSvYW\" \/>\n<meta property=\"article:modified_time\" content=\"2025-09-19T15:33:57+00:00\" \/>\n<meta name=\"twitter:card\" content=\"summary_large_image\" \/>\n<meta name=\"twitter:label1\" content=\"Tempo di lettura stimato\" \/>\n\t<meta name=\"twitter:data1\" content=\"1 minuto\" \/>\n<script type=\"application\/ld+json\" class=\"yoast-schema-graph\">{\"@context\":\"https:\\\/\\\/schema.org\",\"@graph\":[{\"@type\":\"WebPage\",\"@id\":\"https:\\\/\\\/alpintype.com\\\/it\\\/informativa-sui-cookie\\\/\",\"url\":\"https:\\\/\\\/alpintype.com\\\/it\\\/informativa-sui-cookie\\\/\",\"name\":\"Informativa sui cookie - alpintype.com\",\"isPartOf\":{\"@id\":\"https:\\\/\\\/alpintype.com\\\/it\\\/#website\"},\"datePublished\":\"2025-05-02T10:03:05+00:00\",\"dateModified\":\"2025-09-19T15:33:57+00:00\",\"breadcrumb\":{\"@id\":\"https:\\\/\\\/alpintype.com\\\/it\\\/informativa-sui-cookie\\\/#breadcrumb\"},\"inLanguage\":\"it-IT\",\"potentialAction\":[{\"@type\":\"ReadAction\",\"target\":[\"https:\\\/\\\/alpintype.com\\\/it\\\/informativa-sui-cookie\\\/\"]}]},{\"@type\":\"BreadcrumbList\",\"@id\":\"https:\\\/\\\/alpintype.com\\\/it\\\/informativa-sui-cookie\\\/#breadcrumb\",\"itemListElement\":[{\"@type\":\"ListItem\",\"position\":1,\"name\":\"Home\",\"item\":\"https:\\\/\\\/alpintype.com\\\/it\\\/\"},{\"@type\":\"ListItem\",\"position\":2,\"name\":\"Informativa sui cookie\"}]},{\"@type\":\"WebSite\",\"@id\":\"https:\\\/\\\/alpintype.com\\\/it\\\/#website\",\"url\":\"https:\\\/\\\/alpintype.com\\\/it\\\/\",\"name\":\"Alpin type\",\"description\":\"Alpintype \u2013 Professionelles Designstudio aus S\u00fcdtirol, spezialisiert auf Branding, visuelle Identit\u00e4ten und Grafikdesign-L\u00f6sungen f\u00fcr Unternehmen.\",\"publisher\":{\"@id\":\"https:\\\/\\\/alpintype.com\\\/it\\\/#organization\"},\"alternateName\":\"Alpin type\",\"potentialAction\":[{\"@type\":\"SearchAction\",\"target\":{\"@type\":\"EntryPoint\",\"urlTemplate\":\"https:\\\/\\\/alpintype.com\\\/it\\\/?s={search_term_string}\"},\"query-input\":{\"@type\":\"PropertyValueSpecification\",\"valueRequired\":true,\"valueName\":\"search_term_string\"}}],\"inLanguage\":\"it-IT\"},{\"@type\":\"Organization\",\"@id\":\"https:\\\/\\\/alpintype.com\\\/it\\\/#organization\",\"name\":\"Alpin type\",\"alternateName\":\"Alpin type\",\"url\":\"https:\\\/\\\/alpintype.com\\\/it\\\/\",\"logo\":{\"@type\":\"ImageObject\",\"inLanguage\":\"it-IT\",\"@id\":\"https:\\\/\\\/alpintype.com\\\/it\\\/#\\\/schema\\\/logo\\\/image\\\/\",\"url\":\"https:\\\/\\\/alpintype.com\\\/wp-content\\\/uploads\\\/2025\\\/11\\\/Alpintype_Logo.svg\",\"contentUrl\":\"https:\\\/\\\/alpintype.com\\\/wp-content\\\/uploads\\\/2025\\\/11\\\/Alpintype_Logo.svg\",\"width\":\"1024\",\"height\":\"1024\",\"caption\":\"Alpin type\"},\"image\":{\"@id\":\"https:\\\/\\\/alpintype.com\\\/it\\\/#\\\/schema\\\/logo\\\/image\\\/\"},\"sameAs\":[\"https:\\\/\\\/www.facebook.com\\\/alpintype\\\/?rdid=SIswPFJpL8IBSvYW\",\"https:\\\/\\\/www.instagram.com\\\/alpintype_grafikstudio\\\/\",\"https:\\\/\\\/www.linkedin.com\\\/company\\\/alpintype\"]}]}<\/script>\n<!-- \/ Yoast SEO Premium plugin. -->","yoast_head_json":{"title":"Informativa sui cookie - alpintype.com","robots":{"index":"index","follow":"follow","max-snippet":"max-snippet:-1","max-image-preview":"max-image-preview:large","max-video-preview":"max-video-preview:-1"},"canonical":"https:\/\/alpintype.com\/it\/informativa-sui-cookie\/","og_locale":"it_IT","og_type":"article","og_title":"Informativa sui cookie","og_description":"La presente informativa sui cookie spiega come Alpintype utilizza i cookie e tecnologie simili sul sito web www.grafikstudio-mustermann.it. \u00c8 valida in conformit\u00e0 con il Regolamento generale sulla protezione dei dati (GDPR) dell&#8217;UE e le normative italiane sulla protezione dei dati (D.Lgs. 196\/2003, \u201cCodice della Privacy\u201d). Cosa sono i cookie? I cookie sono piccoli file di [&hellip;]","og_url":"https:\/\/alpintype.com\/it\/informativa-sui-cookie\/","og_site_name":"alpintype.com","article_publisher":"https:\/\/www.facebook.com\/alpintype\/?rdid=SIswPFJpL8IBSvYW","article_modified_time":"2025-09-19T15:33:57+00:00","twitter_card":"summary_large_image","twitter_misc":{"Tempo di lettura stimato":"1 minuto"},"schema":{"@context":"https:\/\/schema.org","@graph":[{"@type":"WebPage","@id":"https:\/\/alpintype.com\/it\/informativa-sui-cookie\/","url":"https:\/\/alpintype.com\/it\/informativa-sui-cookie\/","name":"Informativa sui cookie - alpintype.com","isPartOf":{"@id":"https:\/\/alpintype.com\/it\/#website"},"datePublished":"2025-05-02T10:03:05+00:00","dateModified":"2025-09-19T15:33:57+00:00","breadcrumb":{"@id":"https:\/\/alpintype.com\/it\/informativa-sui-cookie\/#breadcrumb"},"inLanguage":"it-IT","potentialAction":[{"@type":"ReadAction","target":["https:\/\/alpintype.com\/it\/informativa-sui-cookie\/"]}]},{"@type":"BreadcrumbList","@id":"https:\/\/alpintype.com\/it\/informativa-sui-cookie\/#breadcrumb","itemListElement":[{"@type":"ListItem","position":1,"name":"Home","item":"https:\/\/alpintype.com\/it\/"},{"@type":"ListItem","position":2,"name":"Informativa sui cookie"}]},{"@type":"WebSite","@id":"https:\/\/alpintype.com\/it\/#website","url":"https:\/\/alpintype.com\/it\/","name":"Alpin type","description":"Alpintype \u2013 Professionelles Designstudio aus S\u00fcdtirol, spezialisiert auf Branding, visuelle Identit\u00e4ten und Grafikdesign-L\u00f6sungen f\u00fcr Unternehmen.","publisher":{"@id":"https:\/\/alpintype.com\/it\/#organization"},"alternateName":"Alpin type","potentialAction":[{"@type":"SearchAction","target":{"@type":"EntryPoint","urlTemplate":"https:\/\/alpintype.com\/it\/?s={search_term_string}"},"query-input":{"@type":"PropertyValueSpecification","valueRequired":true,"valueName":"search_term_string"}}],"inLanguage":"it-IT"},{"@type":"Organization","@id":"https:\/\/alpintype.com\/it\/#organization","name":"Alpin type","alternateName":"Alpin type","url":"https:\/\/alpintype.com\/it\/","logo":{"@type":"ImageObject","inLanguage":"it-IT","@id":"https:\/\/alpintype.com\/it\/#\/schema\/logo\/image\/","url":"https:\/\/alpintype.com\/wp-content\/uploads\/2025\/11\/Alpintype_Logo.svg","contentUrl":"https:\/\/alpintype.com\/wp-content\/uploads\/2025\/11\/Alpintype_Logo.svg","width":"1024","height":"1024","caption":"Alpin type"},"image":{"@id":"https:\/\/alpintype.com\/it\/#\/schema\/logo\/image\/"},"sameAs":["https:\/\/www.facebook.com\/alpintype\/?rdid=SIswPFJpL8IBSvYW","https:\/\/www.instagram.com\/alpintype_grafikstudio\/","https:\/\/www.linkedin.com\/company\/alpintype"]}]}},"_links":{"self":[{"href":"https:\/\/alpintype.com\/it\/wp-json\/wp\/v2\/pages\/1073","targetHints":{"allow":["GET"]}}],"collection":[{"href":"https:\/\/alpintype.com\/it\/wp-json\/wp\/v2\/pages"}],"about":[{"href":"https:\/\/alpintype.com\/it\/wp-json\/wp\/v2\/types\/page"}],"author":[{"embeddable":true,"href":"https:\/\/alpintype.com\/it\/wp-json\/wp\/v2\/users\/1"}],"replies":[{"embeddable":true,"href":"https:\/\/alpintype.com\/it\/wp-json\/wp\/v2\/comments?post=1073"}],"version-history":[{"count":0,"href":"https:\/\/alpintype.com\/it\/wp-json\/wp\/v2\/pages\/1073\/revisions"}],"wp:attachment":[{"href":"https:\/\/alpintype.com\/it\/wp-json\/wp\/v2\/media?parent=1073"}],"curies":[{"name":"wp","href":"https:\/\/api.w.org\/{rel}","templated":true}]}}