{"id":903,"date":"2025-04-07T08:16:15","date_gmt":"2025-04-07T06:16:15","guid":{"rendered":"https:\/\/alpintype.com\/gdpr\/"},"modified":"2025-09-19T17:32:20","modified_gmt":"2025-09-19T15:32:20","slug":"gdpr","status":"publish","type":"page","link":"https:\/\/alpintype.com\/it\/gdpr\/","title":{"rendered":"GDPR"},"content":{"rendered":"<p>Per gestire i cookie utilizzati e tecnologie simili (pixel di tracciamento, web beacon, ecc.) e i relativi consensi, utilizziamo lo strumento di consenso &#8220;Real Cookie Banner&#8221;. I dettagli sul funzionamento di &#8220;Real Cookie Banner&#8221; sono disponibili su &lt;a href=&#8221;https:\/\/devowl.io\/rcb\/data-processing\/&#8221; rel=&#8221;noreferrer&#8221; target=&#8221;_blank&#8221;&gt;https:\/\/devowl.io\/rcb\/data-processing\/&lt;\/a&gt;. <\/p>\n<p>La base giuridica per il trattamento dei dati personali in questo contesto \u00e8 l&#8217;art. 6 (1) (c) GDPR e l&#8217;art. 6 (1) (f) GDPR. Il nostro legittimo interesse \u00e8 la gestione dei cookie e delle tecnologie simili utilizzati e dei relativi consensi. <\/p>\n<p>La fornitura di dati personali non \u00e8 prescritta contrattualmente n\u00e9 necessaria per la conclusione di un contratto. Non sei obbligato a fornire i dati personali. Se non fornisci i dati personali, non possiamo gestire i tuoi consensi.  <\/p>\n<p>&nbsp;<\/p>\n","protected":false},"excerpt":{"rendered":"<p>Per gestire i cookie utilizzati e tecnologie simili (pixel di tracciamento, web beacon, ecc.) e i relativi consensi, utilizziamo lo strumento di consenso &#8220;Real Cookie Banner&#8221;. I dettagli sul funzionamento di &#8220;Real Cookie Banner&#8221; sono disponibili su &lt;a href=&#8221;https:\/\/devowl.io\/rcb\/data-processing\/&#8221; rel=&#8221;noreferrer&#8221; target=&#8221;_blank&#8221;&gt;https:\/\/devowl.io\/rcb\/data-processing\/&lt;\/a&gt;. La base giuridica per il trattamento dei dati personali in questo contesto \u00e8 l&#8217;art. [&hellip;]<\/p>\n","protected":false},"author":1,"featured_media":0,"parent":0,"menu_order":100,"comment_status":"closed","ping_status":"closed","template":"template-dsgvo.php","meta":{"_acf_changed":false,"inline_featured_image":false,"footnotes":""},"class_list":["post-903","page","type-page","status-publish","hentry"],"acf":[],"yoast_head":"<!-- This site is optimized with the Yoast SEO Premium plugin v22.5 (Yoast SEO v27.4) - https:\/\/yoast.com\/product\/yoast-seo-premium-wordpress\/ -->\n<title>GDPR - alpintype.com<\/title>\n<meta name=\"robots\" content=\"index, follow, max-snippet:-1, max-image-preview:large, max-video-preview:-1\" \/>\n<link rel=\"canonical\" href=\"https:\/\/alpintype.com\/it\/gdpr\/\" \/>\n<meta property=\"og:locale\" content=\"it_IT\" \/>\n<meta property=\"og:type\" content=\"article\" \/>\n<meta property=\"og:title\" content=\"GDPR\" \/>\n<meta property=\"og:description\" content=\"Per gestire i cookie utilizzati e tecnologie simili (pixel di tracciamento, web beacon, ecc.) e i relativi consensi, utilizziamo lo strumento di consenso &#8220;Real Cookie Banner&#8221;. I dettagli sul funzionamento di &#8220;Real Cookie Banner&#8221; sono disponibili su &lt;a href=&#8221;https:\/\/devowl.io\/rcb\/data-processing\/&#8221; rel=&#8221;noreferrer&#8221; target=&#8221;_blank&#8221;&gt;https:\/\/devowl.io\/rcb\/data-processing\/&lt;\/a&gt;. La base giuridica per il trattamento dei dati personali in questo contesto \u00e8 l&#8217;art. [&hellip;]\" \/>\n<meta property=\"og:url\" content=\"https:\/\/alpintype.com\/it\/gdpr\/\" \/>\n<meta property=\"og:site_name\" content=\"alpintype.com\" \/>\n<meta property=\"article:publisher\" content=\"https:\/\/www.facebook.com\/alpintype\/?rdid=SIswPFJpL8IBSvYW\" \/>\n<meta property=\"article:modified_time\" content=\"2025-09-19T15:32:20+00:00\" \/>\n<meta name=\"twitter:card\" content=\"summary_large_image\" \/>\n<meta name=\"twitter:label1\" content=\"Tempo di lettura stimato\" \/>\n\t<meta name=\"twitter:data1\" content=\"1 minuto\" \/>\n<script type=\"application\/ld+json\" class=\"yoast-schema-graph\">{\"@context\":\"https:\\\/\\\/schema.org\",\"@graph\":[{\"@type\":\"WebPage\",\"@id\":\"https:\\\/\\\/alpintype.com\\\/it\\\/gdpr\\\/\",\"url\":\"https:\\\/\\\/alpintype.com\\\/it\\\/gdpr\\\/\",\"name\":\"GDPR - alpintype.com\",\"isPartOf\":{\"@id\":\"https:\\\/\\\/alpintype.com\\\/it\\\/#website\"},\"datePublished\":\"2025-04-07T06:16:15+00:00\",\"dateModified\":\"2025-09-19T15:32:20+00:00\",\"breadcrumb\":{\"@id\":\"https:\\\/\\\/alpintype.com\\\/it\\\/gdpr\\\/#breadcrumb\"},\"inLanguage\":\"it-IT\",\"potentialAction\":[{\"@type\":\"ReadAction\",\"target\":[\"https:\\\/\\\/alpintype.com\\\/it\\\/gdpr\\\/\"]}]},{\"@type\":\"BreadcrumbList\",\"@id\":\"https:\\\/\\\/alpintype.com\\\/it\\\/gdpr\\\/#breadcrumb\",\"itemListElement\":[{\"@type\":\"ListItem\",\"position\":1,\"name\":\"Home\",\"item\":\"https:\\\/\\\/alpintype.com\\\/it\\\/\"},{\"@type\":\"ListItem\",\"position\":2,\"name\":\"GDPR\"}]},{\"@type\":\"WebSite\",\"@id\":\"https:\\\/\\\/alpintype.com\\\/it\\\/#website\",\"url\":\"https:\\\/\\\/alpintype.com\\\/it\\\/\",\"name\":\"Alpin type\",\"description\":\"Alpintype \u2013 Professionelles Designstudio aus S\u00fcdtirol, spezialisiert auf Branding, visuelle Identit\u00e4ten und Grafikdesign-L\u00f6sungen f\u00fcr Unternehmen.\",\"publisher\":{\"@id\":\"https:\\\/\\\/alpintype.com\\\/it\\\/#organization\"},\"alternateName\":\"Alpin type\",\"potentialAction\":[{\"@type\":\"SearchAction\",\"target\":{\"@type\":\"EntryPoint\",\"urlTemplate\":\"https:\\\/\\\/alpintype.com\\\/it\\\/?s={search_term_string}\"},\"query-input\":{\"@type\":\"PropertyValueSpecification\",\"valueRequired\":true,\"valueName\":\"search_term_string\"}}],\"inLanguage\":\"it-IT\"},{\"@type\":\"Organization\",\"@id\":\"https:\\\/\\\/alpintype.com\\\/it\\\/#organization\",\"name\":\"Alpin type\",\"alternateName\":\"Alpin type\",\"url\":\"https:\\\/\\\/alpintype.com\\\/it\\\/\",\"logo\":{\"@type\":\"ImageObject\",\"inLanguage\":\"it-IT\",\"@id\":\"https:\\\/\\\/alpintype.com\\\/it\\\/#\\\/schema\\\/logo\\\/image\\\/\",\"url\":\"https:\\\/\\\/alpintype.com\\\/wp-content\\\/uploads\\\/2025\\\/11\\\/Alpintype_Logo.svg\",\"contentUrl\":\"https:\\\/\\\/alpintype.com\\\/wp-content\\\/uploads\\\/2025\\\/11\\\/Alpintype_Logo.svg\",\"width\":\"1024\",\"height\":\"1024\",\"caption\":\"Alpin type\"},\"image\":{\"@id\":\"https:\\\/\\\/alpintype.com\\\/it\\\/#\\\/schema\\\/logo\\\/image\\\/\"},\"sameAs\":[\"https:\\\/\\\/www.facebook.com\\\/alpintype\\\/?rdid=SIswPFJpL8IBSvYW\",\"https:\\\/\\\/www.instagram.com\\\/alpintype_grafikstudio\\\/\",\"https:\\\/\\\/www.linkedin.com\\\/company\\\/alpintype\"]}]}<\/script>\n<!-- \/ Yoast SEO Premium plugin. -->","yoast_head_json":{"title":"GDPR - alpintype.com","robots":{"index":"index","follow":"follow","max-snippet":"max-snippet:-1","max-image-preview":"max-image-preview:large","max-video-preview":"max-video-preview:-1"},"canonical":"https:\/\/alpintype.com\/it\/gdpr\/","og_locale":"it_IT","og_type":"article","og_title":"GDPR","og_description":"Per gestire i cookie utilizzati e tecnologie simili (pixel di tracciamento, web beacon, ecc.) e i relativi consensi, utilizziamo lo strumento di consenso &#8220;Real Cookie Banner&#8221;. I dettagli sul funzionamento di &#8220;Real Cookie Banner&#8221; sono disponibili su &lt;a href=&#8221;https:\/\/devowl.io\/rcb\/data-processing\/&#8221; rel=&#8221;noreferrer&#8221; target=&#8221;_blank&#8221;&gt;https:\/\/devowl.io\/rcb\/data-processing\/&lt;\/a&gt;. La base giuridica per il trattamento dei dati personali in questo contesto \u00e8 l&#8217;art. [&hellip;]","og_url":"https:\/\/alpintype.com\/it\/gdpr\/","og_site_name":"alpintype.com","article_publisher":"https:\/\/www.facebook.com\/alpintype\/?rdid=SIswPFJpL8IBSvYW","article_modified_time":"2025-09-19T15:32:20+00:00","twitter_card":"summary_large_image","twitter_misc":{"Tempo di lettura stimato":"1 minuto"},"schema":{"@context":"https:\/\/schema.org","@graph":[{"@type":"WebPage","@id":"https:\/\/alpintype.com\/it\/gdpr\/","url":"https:\/\/alpintype.com\/it\/gdpr\/","name":"GDPR - alpintype.com","isPartOf":{"@id":"https:\/\/alpintype.com\/it\/#website"},"datePublished":"2025-04-07T06:16:15+00:00","dateModified":"2025-09-19T15:32:20+00:00","breadcrumb":{"@id":"https:\/\/alpintype.com\/it\/gdpr\/#breadcrumb"},"inLanguage":"it-IT","potentialAction":[{"@type":"ReadAction","target":["https:\/\/alpintype.com\/it\/gdpr\/"]}]},{"@type":"BreadcrumbList","@id":"https:\/\/alpintype.com\/it\/gdpr\/#breadcrumb","itemListElement":[{"@type":"ListItem","position":1,"name":"Home","item":"https:\/\/alpintype.com\/it\/"},{"@type":"ListItem","position":2,"name":"GDPR"}]},{"@type":"WebSite","@id":"https:\/\/alpintype.com\/it\/#website","url":"https:\/\/alpintype.com\/it\/","name":"Alpin type","description":"Alpintype \u2013 Professionelles Designstudio aus S\u00fcdtirol, spezialisiert auf Branding, visuelle Identit\u00e4ten und Grafikdesign-L\u00f6sungen f\u00fcr Unternehmen.","publisher":{"@id":"https:\/\/alpintype.com\/it\/#organization"},"alternateName":"Alpin type","potentialAction":[{"@type":"SearchAction","target":{"@type":"EntryPoint","urlTemplate":"https:\/\/alpintype.com\/it\/?s={search_term_string}"},"query-input":{"@type":"PropertyValueSpecification","valueRequired":true,"valueName":"search_term_string"}}],"inLanguage":"it-IT"},{"@type":"Organization","@id":"https:\/\/alpintype.com\/it\/#organization","name":"Alpin type","alternateName":"Alpin type","url":"https:\/\/alpintype.com\/it\/","logo":{"@type":"ImageObject","inLanguage":"it-IT","@id":"https:\/\/alpintype.com\/it\/#\/schema\/logo\/image\/","url":"https:\/\/alpintype.com\/wp-content\/uploads\/2025\/11\/Alpintype_Logo.svg","contentUrl":"https:\/\/alpintype.com\/wp-content\/uploads\/2025\/11\/Alpintype_Logo.svg","width":"1024","height":"1024","caption":"Alpin type"},"image":{"@id":"https:\/\/alpintype.com\/it\/#\/schema\/logo\/image\/"},"sameAs":["https:\/\/www.facebook.com\/alpintype\/?rdid=SIswPFJpL8IBSvYW","https:\/\/www.instagram.com\/alpintype_grafikstudio\/","https:\/\/www.linkedin.com\/company\/alpintype"]}]}},"_links":{"self":[{"href":"https:\/\/alpintype.com\/it\/wp-json\/wp\/v2\/pages\/903","targetHints":{"allow":["GET"]}}],"collection":[{"href":"https:\/\/alpintype.com\/it\/wp-json\/wp\/v2\/pages"}],"about":[{"href":"https:\/\/alpintype.com\/it\/wp-json\/wp\/v2\/types\/page"}],"author":[{"embeddable":true,"href":"https:\/\/alpintype.com\/it\/wp-json\/wp\/v2\/users\/1"}],"replies":[{"embeddable":true,"href":"https:\/\/alpintype.com\/it\/wp-json\/wp\/v2\/comments?post=903"}],"version-history":[{"count":0,"href":"https:\/\/alpintype.com\/it\/wp-json\/wp\/v2\/pages\/903\/revisions"}],"wp:attachment":[{"href":"https:\/\/alpintype.com\/it\/wp-json\/wp\/v2\/media?parent=903"}],"curies":[{"name":"wp","href":"https:\/\/api.w.org\/{rel}","templated":true}]}}