{"id":919,"date":"2025-05-02T12:37:28","date_gmt":"2025-05-02T10:37:28","guid":{"rendered":"https:\/\/alpintype.com\/alpintype-studio-grafico\/"},"modified":"2026-03-29T22:16:22","modified_gmt":"2026-03-29T20:16:22","slug":"alpintype-grafikstudio","status":"publish","type":"page","link":"https:\/\/alpintype.com\/it\/","title":{"rendered":"Alpintype Studio grafico"},"content":{"rendered":"<p>Chi c\u2019\u00e8 dietro Alpintype?<\/p>\n","protected":false},"excerpt":{"rendered":"<p>Chi c\u2019\u00e8 dietro Alpintype?<\/p>\n","protected":false},"author":1,"featured_media":0,"parent":0,"menu_order":1,"comment_status":"closed","ping_status":"closed","template":"template-home.php","meta":{"_acf_changed":false,"inline_featured_image":false,"footnotes":""},"class_list":["post-919","page","type-page","status-publish","hentry"],"acf":[],"yoast_head":"<!-- This site is optimized with the Yoast SEO Premium plugin v22.5 (Yoast SEO v27.4) - https:\/\/yoast.com\/product\/yoast-seo-premium-wordpress\/ -->\n<title>Studio grafico in Alto Adige per branding e design<\/title>\n<meta name=\"description\" content=\"Studio grafico e agenzia grafica in Alto Adige con approccio creativo. Agenzia creativa specializzata in branding, identit\u00e0 visiva e design professionale per aziende.\" \/>\n<meta name=\"robots\" content=\"index, follow, max-snippet:-1, max-image-preview:large, max-video-preview:-1\" \/>\n<link rel=\"canonical\" href=\"https:\/\/alpintype.com\/it\/\" \/>\n<meta property=\"og:locale\" content=\"it_IT\" \/>\n<meta property=\"og:type\" content=\"article\" \/>\n<meta property=\"og:title\" content=\"Alpintype Studio grafico\" \/>\n<meta property=\"og:description\" content=\"Studio grafico e agenzia grafica in Alto Adige con approccio creativo. Agenzia creativa specializzata in branding, identit\u00e0 visiva e design professionale per aziende.\" \/>\n<meta property=\"og:url\" content=\"https:\/\/alpintype.com\/it\/\" \/>\n<meta property=\"og:site_name\" content=\"alpintype.com\" \/>\n<meta property=\"article:publisher\" content=\"https:\/\/www.facebook.com\/alpintype\/?rdid=SIswPFJpL8IBSvYW\" \/>\n<meta property=\"article:modified_time\" content=\"2026-03-29T20:16:22+00:00\" \/>\n<meta name=\"twitter:card\" content=\"summary_large_image\" \/>\n<meta name=\"twitter:label1\" content=\"Tempo di lettura stimato\" \/>\n\t<meta name=\"twitter:data1\" content=\"2 minuti\" \/>\n<script type=\"application\/ld+json\" class=\"yoast-schema-graph\">{\"@context\":\"https:\\\/\\\/schema.org\",\"@graph\":[{\"@type\":\"WebPage\",\"@id\":\"https:\\\/\\\/alpintype.com\\\/it\\\/\",\"url\":\"https:\\\/\\\/alpintype.com\\\/it\\\/\",\"name\":\"Studio grafico in Alto Adige per branding e design\",\"isPartOf\":{\"@id\":\"https:\\\/\\\/alpintype.com\\\/it\\\/#website\"},\"datePublished\":\"2025-05-02T10:37:28+00:00\",\"dateModified\":\"2026-03-29T20:16:22+00:00\",\"description\":\"Studio grafico e agenzia grafica in Alto Adige con approccio creativo. Agenzia creativa specializzata in branding, identit\u00e0 visiva e design professionale per aziende.\",\"breadcrumb\":{\"@id\":\"https:\\\/\\\/alpintype.com\\\/it\\\/#breadcrumb\"},\"inLanguage\":\"it-IT\",\"potentialAction\":[{\"@type\":\"ReadAction\",\"target\":[\"https:\\\/\\\/alpintype.com\\\/it\\\/\"]}]},{\"@type\":\"BreadcrumbList\",\"@id\":\"https:\\\/\\\/alpintype.com\\\/it\\\/#breadcrumb\",\"itemListElement\":[{\"@type\":\"ListItem\",\"position\":1,\"name\":\"Home\",\"item\":\"https:\\\/\\\/alpintype.com\\\/it\\\/\"},{\"@type\":\"ListItem\",\"position\":2,\"name\":\"Alpintype Studio grafico\"}]},{\"@type\":\"WebSite\",\"@id\":\"https:\\\/\\\/alpintype.com\\\/it\\\/#website\",\"url\":\"https:\\\/\\\/alpintype.com\\\/it\\\/\",\"name\":\"Alpin type\",\"description\":\"Alpintype \u2013 Professionelles Designstudio aus S\u00fcdtirol, spezialisiert auf Branding, visuelle Identit\u00e4ten und Grafikdesign-L\u00f6sungen f\u00fcr Unternehmen.\",\"publisher\":{\"@id\":\"https:\\\/\\\/alpintype.com\\\/it\\\/#organization\"},\"alternateName\":\"Alpin type\",\"potentialAction\":[{\"@type\":\"SearchAction\",\"target\":{\"@type\":\"EntryPoint\",\"urlTemplate\":\"https:\\\/\\\/alpintype.com\\\/it\\\/?s={search_term_string}\"},\"query-input\":{\"@type\":\"PropertyValueSpecification\",\"valueRequired\":true,\"valueName\":\"search_term_string\"}}],\"inLanguage\":\"it-IT\"},{\"@type\":\"Organization\",\"@id\":\"https:\\\/\\\/alpintype.com\\\/it\\\/#organization\",\"name\":\"Alpin type\",\"alternateName\":\"Alpin type\",\"url\":\"https:\\\/\\\/alpintype.com\\\/it\\\/\",\"logo\":{\"@type\":\"ImageObject\",\"inLanguage\":\"it-IT\",\"@id\":\"https:\\\/\\\/alpintype.com\\\/it\\\/#\\\/schema\\\/logo\\\/image\\\/\",\"url\":\"https:\\\/\\\/alpintype.com\\\/wp-content\\\/uploads\\\/2025\\\/11\\\/Alpintype_Logo.svg\",\"contentUrl\":\"https:\\\/\\\/alpintype.com\\\/wp-content\\\/uploads\\\/2025\\\/11\\\/Alpintype_Logo.svg\",\"width\":\"1024\",\"height\":\"1024\",\"caption\":\"Alpin type\"},\"image\":{\"@id\":\"https:\\\/\\\/alpintype.com\\\/it\\\/#\\\/schema\\\/logo\\\/image\\\/\"},\"sameAs\":[\"https:\\\/\\\/www.facebook.com\\\/alpintype\\\/?rdid=SIswPFJpL8IBSvYW\",\"https:\\\/\\\/www.instagram.com\\\/alpintype_grafikstudio\\\/\",\"https:\\\/\\\/www.linkedin.com\\\/company\\\/alpintype\"]}]}<\/script>\n<!-- \/ Yoast SEO Premium plugin. -->","yoast_head_json":{"title":"Studio grafico in Alto Adige per branding e design","description":"Studio grafico e agenzia grafica in Alto Adige con approccio creativo. Agenzia creativa specializzata in branding, identit\u00e0 visiva e design professionale per aziende.","robots":{"index":"index","follow":"follow","max-snippet":"max-snippet:-1","max-image-preview":"max-image-preview:large","max-video-preview":"max-video-preview:-1"},"canonical":"https:\/\/alpintype.com\/it\/","og_locale":"it_IT","og_type":"article","og_title":"Alpintype Studio grafico","og_description":"Studio grafico e agenzia grafica in Alto Adige con approccio creativo. Agenzia creativa specializzata in branding, identit\u00e0 visiva e design professionale per aziende.","og_url":"https:\/\/alpintype.com\/it\/","og_site_name":"alpintype.com","article_publisher":"https:\/\/www.facebook.com\/alpintype\/?rdid=SIswPFJpL8IBSvYW","article_modified_time":"2026-03-29T20:16:22+00:00","twitter_card":"summary_large_image","twitter_misc":{"Tempo di lettura stimato":"2 minuti"},"schema":{"@context":"https:\/\/schema.org","@graph":[{"@type":"WebPage","@id":"https:\/\/alpintype.com\/it\/","url":"https:\/\/alpintype.com\/it\/","name":"Studio grafico in Alto Adige per branding e design","isPartOf":{"@id":"https:\/\/alpintype.com\/it\/#website"},"datePublished":"2025-05-02T10:37:28+00:00","dateModified":"2026-03-29T20:16:22+00:00","description":"Studio grafico e agenzia grafica in Alto Adige con approccio creativo. Agenzia creativa specializzata in branding, identit\u00e0 visiva e design professionale per aziende.","breadcrumb":{"@id":"https:\/\/alpintype.com\/it\/#breadcrumb"},"inLanguage":"it-IT","potentialAction":[{"@type":"ReadAction","target":["https:\/\/alpintype.com\/it\/"]}]},{"@type":"BreadcrumbList","@id":"https:\/\/alpintype.com\/it\/#breadcrumb","itemListElement":[{"@type":"ListItem","position":1,"name":"Home","item":"https:\/\/alpintype.com\/it\/"},{"@type":"ListItem","position":2,"name":"Alpintype Studio grafico"}]},{"@type":"WebSite","@id":"https:\/\/alpintype.com\/it\/#website","url":"https:\/\/alpintype.com\/it\/","name":"Alpin type","description":"Alpintype \u2013 Professionelles Designstudio aus S\u00fcdtirol, spezialisiert auf Branding, visuelle Identit\u00e4ten und Grafikdesign-L\u00f6sungen f\u00fcr Unternehmen.","publisher":{"@id":"https:\/\/alpintype.com\/it\/#organization"},"alternateName":"Alpin type","potentialAction":[{"@type":"SearchAction","target":{"@type":"EntryPoint","urlTemplate":"https:\/\/alpintype.com\/it\/?s={search_term_string}"},"query-input":{"@type":"PropertyValueSpecification","valueRequired":true,"valueName":"search_term_string"}}],"inLanguage":"it-IT"},{"@type":"Organization","@id":"https:\/\/alpintype.com\/it\/#organization","name":"Alpin type","alternateName":"Alpin type","url":"https:\/\/alpintype.com\/it\/","logo":{"@type":"ImageObject","inLanguage":"it-IT","@id":"https:\/\/alpintype.com\/it\/#\/schema\/logo\/image\/","url":"https:\/\/alpintype.com\/wp-content\/uploads\/2025\/11\/Alpintype_Logo.svg","contentUrl":"https:\/\/alpintype.com\/wp-content\/uploads\/2025\/11\/Alpintype_Logo.svg","width":"1024","height":"1024","caption":"Alpin type"},"image":{"@id":"https:\/\/alpintype.com\/it\/#\/schema\/logo\/image\/"},"sameAs":["https:\/\/www.facebook.com\/alpintype\/?rdid=SIswPFJpL8IBSvYW","https:\/\/www.instagram.com\/alpintype_grafikstudio\/","https:\/\/www.linkedin.com\/company\/alpintype"]}]}},"_links":{"self":[{"href":"https:\/\/alpintype.com\/it\/wp-json\/wp\/v2\/pages\/919","targetHints":{"allow":["GET"]}}],"collection":[{"href":"https:\/\/alpintype.com\/it\/wp-json\/wp\/v2\/pages"}],"about":[{"href":"https:\/\/alpintype.com\/it\/wp-json\/wp\/v2\/types\/page"}],"author":[{"embeddable":true,"href":"https:\/\/alpintype.com\/it\/wp-json\/wp\/v2\/users\/1"}],"replies":[{"embeddable":true,"href":"https:\/\/alpintype.com\/it\/wp-json\/wp\/v2\/comments?post=919"}],"version-history":[{"count":0,"href":"https:\/\/alpintype.com\/it\/wp-json\/wp\/v2\/pages\/919\/revisions"}],"wp:attachment":[{"href":"https:\/\/alpintype.com\/it\/wp-json\/wp\/v2\/media?parent=919"}],"curies":[{"name":"wp","href":"https:\/\/api.w.org\/{rel}","templated":true}]}}