{"id":963,"date":"2025-04-07T12:43:57","date_gmt":"2025-04-07T10:43:57","guid":{"rendered":"https:\/\/alpintype.com\/note-legali\/"},"modified":"2026-04-09T20:38:53","modified_gmt":"2026-04-09T18:38:53","slug":"note-legali","status":"publish","type":"page","link":"https:\/\/alpintype.com\/it\/note-legali\/","title":{"rendered":"Note legali"},"content":{"rendered":"<h3>Lisa Plattner<\/h3>\n<p>Informazioni ai sensi dell&#8217;articolo 2250 del Codice Civile e del D.Lgs. 70\/2003<\/p>\n<p><strong>Nome dell&#8217;azienda:<\/strong> Lisa Plattner<br \/>\n<strong>Forma giuridica:<\/strong> Ditta individuale<br \/>\n<strong>Sede legale:<\/strong> Nationalstr. 76, 39040 Ora, Alto Adige, Italia<br \/>\n<strong>Telefono:<\/strong> +39 333 249 2981<br \/>\n<strong>E-mail:<\/strong> <a href=\"mailto:hello@lisaplattner.it\">hello@lisaplattner.it<\/a> \/ <a href=\"mailto:info@alpintype.com\">info@alpintype.com<\/a><br \/>\n<strong>Sito web:<\/strong> <a href=\"http:\/\/www.lisaplattner.it\">www.lisaplattner.it<\/a> \/ <a href=\"https:\/\/alpintype.com\/it\/\">www.alpintype.com<\/a><\/p>\n<p><strong>Registro delle imprese &amp; informazioni fiscali:<\/strong><br \/>\nIscritta presso: Camera di Commercio di Bolzano<br \/>\nNumero REA: BZ-223942<br \/>\nPartita IVA: 03006710218<br \/>\nCodice Fiscale: PLTLSI94H53A952O<br \/>\nCodice destinatario: P62QHVQ<\/p>\n<p><strong>Responsabile del contenuto ai sensi del \u00a7 5 TMG e dell&#8217;art. 2250 del Codice Civile:<\/strong><br \/>\nLisa Plattner, Nationalstr. 76, 39040 Ora, Alto Adige, Italia<\/p>\n<p><strong>Esclusione di responsabilit\u00e0:<\/strong> Nonostante l&#8217;attento controllo dei contenuti, non ci assumiamo alcuna responsabilit\u00e0 per il contenuto dei link esterni. Per il contenuto delle pagine collegate sono responsabili esclusivamente i rispettivi gestori.<\/p>\n<p><strong>Protezione dei dati:<\/strong> Ulteriori informazioni sulla protezione dei dati e sull&#8217;utilizzo dei cookie sono disponibili nella nostra <a href=\"https:\/\/alpintype.com\/it\/gdpr\/\">informativa sulla privacy<\/a>.<\/p>\n<p>&nbsp;<\/p>\n<h3>Grafica<\/h3>\n<p>Alpintype, Nationalstr. 76, 39040 Ora, Alto Adige, Italia<\/p>\n<p>&nbsp;<\/p>\n<h3>Programmazione<\/h3>\n<p>Effekt! GmbH, Fleimstaler Stra\u00dfe 4, 39044 Egna, Alto Adige, Italia, <a href=\"https:\/\/www.effekt.it\" target=\"_blank\" rel=\"noopener\">www.effekt.it<\/a><\/p>\n<p>&nbsp;<\/p>\n<h3>Avviso sul copyright<\/h3>\n<p>Tutti i contenuti pubblicati su questo sito web, in particolare testi, immagini, grafiche e design, sono soggetti al copyright di Alpintpye o di terzi che hanno concesso i relativi diritti di utilizzo. Qualsiasi riproduzione, modifica, distribuzione o altro utilizzo al di fuori delle disposizioni di legge del diritto d&#8217;autore italiano (Legge sul diritto d\u2019autore, L. 633\/1941) richiede l&#8217;espressa autorizzazione del titolare dei diritti.<\/p>\n<p>Se desideri utilizzare i contenuti del nostro sito web, contattaci all&#8217;indirizzo <a href=\"mailto:info@alpintype.com\">info@alpintype.com<\/a><\/p>\n<p>L&#8217;uso o la divulgazione non autorizzati possono comportare conseguenze legali.<\/p>\n<p>&nbsp;<\/p>\n<p><strong>Informazioni sulla risoluzione delle controversie online ai sensi dell&#8217;art. 14, comma 1, del regolamento (UE) n. 524\/2013 sulla risoluzione delle controversie online dei consumatori (regolamento ODR): <\/strong><\/p>\n<p>La Commissione UE ha messo a disposizione una piattaforma Internet per la risoluzione online delle controversie (&#8220;piattaforma OS&#8221;). La piattaforma OS pu\u00f2 essere utilizzata come punto di contatto per la risoluzione extragiudiziale delle controversie derivanti da contratti di vendita o di servizi online. La piattaforma OS \u00e8 disponibile all&#8217;indirizzo Internet <strong><a role=\"link\" href=\"https:\/\/ec.europa.eu\/consumers\/odr\" target=\"_blank\" rel=\"noopener\">ec.europa.eu\/consumers\/odr<\/a><\/strong>.<\/p>\n<p><button  href=\"#consent-change\" role=\"button\" id=\"rcb-sc-link-change\" data-success-message=\"\" class=\"rcb-sc-link rcb-sc-link-change \">Modifica le impostazioni sulla privacy<\/button><br \/>\n<button  href=\"#consent-history\" role=\"button\" id=\"rcb-sc-link-history\" data-success-message=\"\" class=\"rcb-sc-link rcb-sc-link-history \">Cronologia delle impostazioni sulla privacy<\/button><br \/>\n<button  href=\"#consent-revoke\" role=\"button\" id=\"rcb-sc-link-revoke\" data-success-message=\"Du hast die Einwilligung erfolgreich widerrufen. Die Seite wird nun neu geladen.\" class=\"rcb-sc-link rcb-sc-link-revoke \">Revoca dei consensi<\/button><\/p>\n","protected":false},"excerpt":{"rendered":"<p>Lisa Plattner Informazioni ai sensi dell&#8217;articolo 2250 del Codice Civile e del D.Lgs. 70\/2003 Nome dell&#8217;azienda: Lisa Plattner Forma giuridica: Ditta individuale Sede legale: Nationalstr. 76, 39040 Ora, Alto Adige, Italia Telefono: +39 333 249 2981 E-mail: hello@lisaplattner.it \/ info@alpintype.com Sito web: www.lisaplattner.it \/ www.alpintype.com Registro delle imprese &amp; informazioni fiscali: Iscritta presso: Camera di [&hellip;]<\/p>\n","protected":false},"author":1,"featured_media":0,"parent":0,"menu_order":101,"comment_status":"closed","ping_status":"closed","template":"template-dsgvo-impressum.php","meta":{"_acf_changed":false,"inline_featured_image":false,"footnotes":""},"class_list":["post-963","page","type-page","status-publish","hentry"],"acf":[],"yoast_head":"<!-- This site is optimized with the Yoast SEO Premium plugin v22.5 (Yoast SEO v27.4) - https:\/\/yoast.com\/product\/yoast-seo-premium-wordpress\/ -->\n<title>Note legali - alpintype.com<\/title>\n<meta name=\"robots\" content=\"index, follow, max-snippet:-1, max-image-preview:large, max-video-preview:-1\" \/>\n<link rel=\"canonical\" href=\"https:\/\/alpintype.com\/it\/note-legali\/\" \/>\n<meta property=\"og:locale\" content=\"it_IT\" \/>\n<meta property=\"og:type\" content=\"article\" \/>\n<meta property=\"og:title\" content=\"Note legali\" \/>\n<meta property=\"og:description\" content=\"Lisa Plattner Informazioni ai sensi dell&#8217;articolo 2250 del Codice Civile e del D.Lgs. 70\/2003 Nome dell&#8217;azienda: Lisa Plattner Forma giuridica: Ditta individuale Sede legale: Nationalstr. 76, 39040 Ora, Alto Adige, Italia Telefono: +39 333 249 2981 E-mail: hello@lisaplattner.it \/ info@alpintype.com Sito web: www.lisaplattner.it \/ www.alpintype.com Registro delle imprese &amp; informazioni fiscali: Iscritta presso: Camera di [&hellip;]\" \/>\n<meta property=\"og:url\" content=\"https:\/\/alpintype.com\/it\/note-legali\/\" \/>\n<meta property=\"og:site_name\" content=\"alpintype.com\" \/>\n<meta property=\"article:publisher\" content=\"https:\/\/www.facebook.com\/alpintype\/?rdid=SIswPFJpL8IBSvYW\" \/>\n<meta property=\"article:modified_time\" content=\"2026-04-09T18:38:53+00:00\" \/>\n<meta name=\"twitter:card\" content=\"summary_large_image\" \/>\n<meta name=\"twitter:label1\" content=\"Tempo di lettura stimato\" \/>\n\t<meta name=\"twitter:data1\" content=\"3 minuti\" \/>\n<script type=\"application\/ld+json\" class=\"yoast-schema-graph\">{\"@context\":\"https:\\\/\\\/schema.org\",\"@graph\":[{\"@type\":\"WebPage\",\"@id\":\"https:\\\/\\\/alpintype.com\\\/it\\\/note-legali\\\/\",\"url\":\"https:\\\/\\\/alpintype.com\\\/it\\\/note-legali\\\/\",\"name\":\"Note legali - alpintype.com\",\"isPartOf\":{\"@id\":\"https:\\\/\\\/alpintype.com\\\/it\\\/#website\"},\"datePublished\":\"2025-04-07T10:43:57+00:00\",\"dateModified\":\"2026-04-09T18:38:53+00:00\",\"breadcrumb\":{\"@id\":\"https:\\\/\\\/alpintype.com\\\/it\\\/note-legali\\\/#breadcrumb\"},\"inLanguage\":\"it-IT\",\"potentialAction\":[{\"@type\":\"ReadAction\",\"target\":[\"https:\\\/\\\/alpintype.com\\\/it\\\/note-legali\\\/\"]}]},{\"@type\":\"BreadcrumbList\",\"@id\":\"https:\\\/\\\/alpintype.com\\\/it\\\/note-legali\\\/#breadcrumb\",\"itemListElement\":[{\"@type\":\"ListItem\",\"position\":1,\"name\":\"Home\",\"item\":\"https:\\\/\\\/alpintype.com\\\/it\\\/\"},{\"@type\":\"ListItem\",\"position\":2,\"name\":\"Note legali\"}]},{\"@type\":\"WebSite\",\"@id\":\"https:\\\/\\\/alpintype.com\\\/it\\\/#website\",\"url\":\"https:\\\/\\\/alpintype.com\\\/it\\\/\",\"name\":\"Alpin type\",\"description\":\"Alpintype \u2013 Professionelles Designstudio aus S\u00fcdtirol, spezialisiert auf Branding, visuelle Identit\u00e4ten und Grafikdesign-L\u00f6sungen f\u00fcr Unternehmen.\",\"publisher\":{\"@id\":\"https:\\\/\\\/alpintype.com\\\/it\\\/#organization\"},\"alternateName\":\"Alpin type\",\"potentialAction\":[{\"@type\":\"SearchAction\",\"target\":{\"@type\":\"EntryPoint\",\"urlTemplate\":\"https:\\\/\\\/alpintype.com\\\/it\\\/?s={search_term_string}\"},\"query-input\":{\"@type\":\"PropertyValueSpecification\",\"valueRequired\":true,\"valueName\":\"search_term_string\"}}],\"inLanguage\":\"it-IT\"},{\"@type\":\"Organization\",\"@id\":\"https:\\\/\\\/alpintype.com\\\/it\\\/#organization\",\"name\":\"Alpin type\",\"alternateName\":\"Alpin type\",\"url\":\"https:\\\/\\\/alpintype.com\\\/it\\\/\",\"logo\":{\"@type\":\"ImageObject\",\"inLanguage\":\"it-IT\",\"@id\":\"https:\\\/\\\/alpintype.com\\\/it\\\/#\\\/schema\\\/logo\\\/image\\\/\",\"url\":\"https:\\\/\\\/alpintype.com\\\/wp-content\\\/uploads\\\/2025\\\/11\\\/Alpintype_Logo.svg\",\"contentUrl\":\"https:\\\/\\\/alpintype.com\\\/wp-content\\\/uploads\\\/2025\\\/11\\\/Alpintype_Logo.svg\",\"width\":\"1024\",\"height\":\"1024\",\"caption\":\"Alpin type\"},\"image\":{\"@id\":\"https:\\\/\\\/alpintype.com\\\/it\\\/#\\\/schema\\\/logo\\\/image\\\/\"},\"sameAs\":[\"https:\\\/\\\/www.facebook.com\\\/alpintype\\\/?rdid=SIswPFJpL8IBSvYW\",\"https:\\\/\\\/www.instagram.com\\\/alpintype_grafikstudio\\\/\",\"https:\\\/\\\/www.linkedin.com\\\/company\\\/alpintype\"]}]}<\/script>\n<!-- \/ Yoast SEO Premium plugin. -->","yoast_head_json":{"title":"Note legali - alpintype.com","robots":{"index":"index","follow":"follow","max-snippet":"max-snippet:-1","max-image-preview":"max-image-preview:large","max-video-preview":"max-video-preview:-1"},"canonical":"https:\/\/alpintype.com\/it\/note-legali\/","og_locale":"it_IT","og_type":"article","og_title":"Note legali","og_description":"Lisa Plattner Informazioni ai sensi dell&#8217;articolo 2250 del Codice Civile e del D.Lgs. 70\/2003 Nome dell&#8217;azienda: Lisa Plattner Forma giuridica: Ditta individuale Sede legale: Nationalstr. 76, 39040 Ora, Alto Adige, Italia Telefono: +39 333 249 2981 E-mail: hello@lisaplattner.it \/ info@alpintype.com Sito web: www.lisaplattner.it \/ www.alpintype.com Registro delle imprese &amp; informazioni fiscali: Iscritta presso: Camera di [&hellip;]","og_url":"https:\/\/alpintype.com\/it\/note-legali\/","og_site_name":"alpintype.com","article_publisher":"https:\/\/www.facebook.com\/alpintype\/?rdid=SIswPFJpL8IBSvYW","article_modified_time":"2026-04-09T18:38:53+00:00","twitter_card":"summary_large_image","twitter_misc":{"Tempo di lettura stimato":"3 minuti"},"schema":{"@context":"https:\/\/schema.org","@graph":[{"@type":"WebPage","@id":"https:\/\/alpintype.com\/it\/note-legali\/","url":"https:\/\/alpintype.com\/it\/note-legali\/","name":"Note legali - alpintype.com","isPartOf":{"@id":"https:\/\/alpintype.com\/it\/#website"},"datePublished":"2025-04-07T10:43:57+00:00","dateModified":"2026-04-09T18:38:53+00:00","breadcrumb":{"@id":"https:\/\/alpintype.com\/it\/note-legali\/#breadcrumb"},"inLanguage":"it-IT","potentialAction":[{"@type":"ReadAction","target":["https:\/\/alpintype.com\/it\/note-legali\/"]}]},{"@type":"BreadcrumbList","@id":"https:\/\/alpintype.com\/it\/note-legali\/#breadcrumb","itemListElement":[{"@type":"ListItem","position":1,"name":"Home","item":"https:\/\/alpintype.com\/it\/"},{"@type":"ListItem","position":2,"name":"Note legali"}]},{"@type":"WebSite","@id":"https:\/\/alpintype.com\/it\/#website","url":"https:\/\/alpintype.com\/it\/","name":"Alpin type","description":"Alpintype \u2013 Professionelles Designstudio aus S\u00fcdtirol, spezialisiert auf Branding, visuelle Identit\u00e4ten und Grafikdesign-L\u00f6sungen f\u00fcr Unternehmen.","publisher":{"@id":"https:\/\/alpintype.com\/it\/#organization"},"alternateName":"Alpin type","potentialAction":[{"@type":"SearchAction","target":{"@type":"EntryPoint","urlTemplate":"https:\/\/alpintype.com\/it\/?s={search_term_string}"},"query-input":{"@type":"PropertyValueSpecification","valueRequired":true,"valueName":"search_term_string"}}],"inLanguage":"it-IT"},{"@type":"Organization","@id":"https:\/\/alpintype.com\/it\/#organization","name":"Alpin type","alternateName":"Alpin type","url":"https:\/\/alpintype.com\/it\/","logo":{"@type":"ImageObject","inLanguage":"it-IT","@id":"https:\/\/alpintype.com\/it\/#\/schema\/logo\/image\/","url":"https:\/\/alpintype.com\/wp-content\/uploads\/2025\/11\/Alpintype_Logo.svg","contentUrl":"https:\/\/alpintype.com\/wp-content\/uploads\/2025\/11\/Alpintype_Logo.svg","width":"1024","height":"1024","caption":"Alpin type"},"image":{"@id":"https:\/\/alpintype.com\/it\/#\/schema\/logo\/image\/"},"sameAs":["https:\/\/www.facebook.com\/alpintype\/?rdid=SIswPFJpL8IBSvYW","https:\/\/www.instagram.com\/alpintype_grafikstudio\/","https:\/\/www.linkedin.com\/company\/alpintype"]}]}},"_links":{"self":[{"href":"https:\/\/alpintype.com\/it\/wp-json\/wp\/v2\/pages\/963","targetHints":{"allow":["GET"]}}],"collection":[{"href":"https:\/\/alpintype.com\/it\/wp-json\/wp\/v2\/pages"}],"about":[{"href":"https:\/\/alpintype.com\/it\/wp-json\/wp\/v2\/types\/page"}],"author":[{"embeddable":true,"href":"https:\/\/alpintype.com\/it\/wp-json\/wp\/v2\/users\/1"}],"replies":[{"embeddable":true,"href":"https:\/\/alpintype.com\/it\/wp-json\/wp\/v2\/comments?post=963"}],"version-history":[{"count":0,"href":"https:\/\/alpintype.com\/it\/wp-json\/wp\/v2\/pages\/963\/revisions"}],"wp:attachment":[{"href":"https:\/\/alpintype.com\/it\/wp-json\/wp\/v2\/media?parent=963"}],"curies":[{"name":"wp","href":"https:\/\/api.w.org\/{rel}","templated":true}]}}